{"id":4674,"date":"2023-04-27T21:58:20","date_gmt":"2023-04-27T18:58:20","guid":{"rendered":"https:\/\/celojumugids.lv\/piedavajumi\/grankanarija-ar-izlidosanu-no-rigas\/"},"modified":"2023-04-27T21:58:21","modified_gmt":"2023-04-27T18:58:21","slug":"grankanarija-ar-izlidosanu-no-rigas","status":"publish","type":"product","link":"https:\/\/celojumugids.lv\/?product=grankanarija-ar-izlidosanu-no-rigas","title":{"rendered":"Grankan\u0101rija ar izlido\u0161anu no R\u012bgas"},"content":{"rendered":"<h1>Saulain\u0101 Grankan\u0101rija<\/h1>\n<p>Grankan\u0101rija ir Kan\u0101riju arhipel\u0101ga sala, kur\u0101 cauru gadu sp\u012bd saule un kur\u0101 dz\u012bve nepamirst ne mirkli. Taj\u0101 var lieliski pavad\u012bt laiku kop\u0101 ar draugiem vai ar\u012b izbaud\u012bt atp\u016btu kop\u0101 ar b\u0113rniem. T\u0101 ir sala, kas vilina ar kazino un tirdzniec\u012bbas centriem, SPA un skaistumkop\u0161anas saloniem, jahtklubiem un \u016bdenssporta veidu centriem. Grankan\u0101rija iej\u016bsmina ar zeltain\u0101m pludma\u013cu smilt\u012bm, ar aizraujo\u0161i kr\u0101\u0161\u0146\u0101m ainav\u0101m, ar p\u0101rsteidzo\u0161iem kontrastiem,\u00a0negaid\u012btiem\u00a0atkl\u0101jumiem, un t\u0101\u00a0valdzina ar\u00a0patiesas\u00a0viesm\u012bl\u012bbas garu.<\/p>\n","protected":false},"excerpt":{"rendered":"<p>[highlight background=&#8221;&#8221; color=&#8221;&#8221;] <span class=\"x3nfvp2 x1j61x8r x1fcty0u xdj266r xhhsvwb xat24cr xgzva0m xxymvpz xlup9mm x1kky2od\"><img loading=\"lazy\" decoding=\"async\" src=\"https:\/\/static.xx.fbcdn.net\/images\/emoji.php\/v9\/tb6\/1\/16\/2708.png\" alt=\"\u2708\ufe0f\" width=\"16\" height=\"16\" \/> <\/span>Cena no 1410\u20ac <span class=\"x3nfvp2 x1j61x8r x1fcty0u xdj266r xhhsvwb xat24cr xgzva0m xxymvpz xlup9mm x1kky2od\"><img loading=\"lazy\" decoding=\"async\" src=\"https:\/\/static.xx.fbcdn.net\/images\/emoji.php\/v9\/tb6\/1\/16\/2708.png\" alt=\"\u2708\ufe0f\" width=\"16\" height=\"16\" \/> <\/span>[\/highlight]<\/p>\n<p>[alert style=&#8221;warning&#8221;]Ce\u013cojuma cena 2 cilv\u0113kiem divviet\u012bg\u0101 numur\u0101 uz 7 nakt\u012bm:[\/alert]<\/p>\n<p dir=\"auto\"><strong><span class=\"x3nfvp2 x1j61x8r x1fcty0u xdj266r xhhsvwb xat24cr xgzva0m xxymvpz xlup9mm x1kky2od\"><img loading=\"lazy\" decoding=\"async\" src=\"https:\/\/static.xx.fbcdn.net\/images\/emoji.php\/v9\/tec\/1\/16\/1f334.png\" alt=\"\ud83c\udf34\" width=\"16\" height=\"16\" \/><\/span>Grankan\u0101rija ar izlido\u0161anu no R\u012bgas uz 7 nakt\u012bm! <span class=\"x3nfvp2 x1j61x8r x1fcty0u xdj266r xhhsvwb xat24cr xgzva0m xxymvpz xlup9mm x1kky2od\"><img loading=\"lazy\" decoding=\"async\" src=\"https:\/\/static.xx.fbcdn.net\/images\/emoji.php\/v9\/tec\/1\/16\/1f334.png\" alt=\"\ud83c\udf34\" width=\"16\" height=\"16\" \/><\/span><\/strong><\/p>\n<table style=\"height: 1454px;\" width=\"1191\">\n<tbody>\n<tr>\n<td style=\"font-weight: 400;\">APARTAMENTOS KOALA GARDEN THE HOME COLLECTION 4<\/td>\n<td style=\"font-weight: 400;\">\u00a0bez \u0113din\u0101\u0161anas 1410\u20ac<\/td>\n<\/tr>\n<tr>\n<td style=\"font-weight: 400;\">BEX HOLIDAY HOMES 4<\/td>\n<td style=\"font-weight: 400;\">\u00a0bez \u0113din\u0101\u0161anas 1634\u20ac<\/td>\n<\/tr>\n<tr>\n<td style=\"font-weight: 400;\">CANAIMA APARTMENTS 3<\/td>\n<td style=\"font-weight: 400;\">\u00a0bez \u0113din\u0101\u0161anas 1666\u20ac<\/td>\n<\/tr>\n<tr>\n<td style=\"font-weight: 400;\">HOTEL THE ANAMAR SUITES 4<\/td>\n<td style=\"font-weight: 400;\">\u00a0bez \u0113din\u0101\u0161anas 1700\u20ac<\/td>\n<\/tr>\n<tr>\n<td style=\"font-weight: 400;\">HOTEL THE KOALA GARDEN 4<\/td>\n<td style=\"font-weight: 400;\">\u00a0ar \u0113din\u0101\u0161anu viss iek\u013cauts 1749\u20ac<\/td>\n<\/tr>\n<tr>\n<td style=\"font-weight: 400;\">HOTEL THE FATAGA Y CENTRO DE NEGOCIOS 4<\/td>\n<td style=\"font-weight: 400;\">\u00a0ar brokast\u012bm 1803\u20ac<\/td>\n<\/tr>\n<tr>\n<td style=\"font-weight: 400;\">SERVATUR WAIKIKI 4<\/td>\n<td style=\"font-weight: 400;\">\u00a0ar brokast\u012bm 1831\u20ac<\/td>\n<\/tr>\n<tr>\n<td style=\"font-weight: 400;\">ABORA BUENAVENTURA BY LOPESAN HOTELS 4<\/td>\n<td style=\"font-weight: 400;\">\u00a0ar brokast\u012bm un vakari\u0146\u0101m 1853\u20ac<\/td>\n<\/tr>\n<tr>\n<td style=\"font-weight: 400;\">SERVATUR DON MIGUEL 3<\/td>\n<td style=\"font-weight: 400;\">\u00a0ar brokast\u012bm 1922\u20ac<\/td>\n<\/tr>\n<tr>\n<td style=\"font-weight: 400;\">HOTEL LOS CALDERONES THE SENSES COLLECTION ADULTS RECOMMENDED 4<\/td>\n<td style=\"font-weight: 400;\">\u00a0ar brokast\u012bm 1931\u20ac<\/td>\n<\/tr>\n<tr>\n<td style=\"font-weight: 400;\">MIRADOR MASPALOMAS BY DUNAS 3<\/td>\n<td style=\"font-weight: 400;\">\u00a0ar \u0113din\u0101\u0161anu viss iek\u013cauts 1964\u20ac<\/td>\n<\/tr>\n<tr>\n<td style=\"font-weight: 400;\">SOL BARBACAN 4<\/td>\n<td style=\"font-weight: 400;\">\u00a0ar brokast\u012bm 1964\u20ac<\/td>\n<\/tr>\n<tr>\n<td style=\"font-weight: 400;\">HOTEL THE DUNAGOLF SUITES 3<\/td>\n<td style=\"font-weight: 400;\">\u00a0ar brokast\u012bm 1972\u20ac<\/td>\n<\/tr>\n<tr>\n<td style=\"font-weight: 400;\">OCCIDENTAL LAS PALMAS 4<\/td>\n<td style=\"font-weight: 400;\">\u00a0ar brokast\u012bm 1991\u20ac<\/td>\n<\/tr>\n<tr>\n<td style=\"font-weight: 400;\">DESIGN PLUS BEX HOTEL 4<\/td>\n<td style=\"font-weight: 400;\">\u00a0ar brokast\u012bm 2056\u20ac<\/td>\n<\/tr>\n<tr>\n<td style=\"font-weight: 400;\">BARCEL\u00d3 MARGARITAS 4<\/td>\n<td style=\"font-weight: 400;\">\u00a0ar brokast\u012bm un vakari\u0146\u0101m 2096\u20ac<\/td>\n<\/tr>\n<tr>\n<td style=\"font-weight: 400;\">CORALLIUM BEACH BY LOPESAN HOTELS 3<\/td>\n<td style=\"font-weight: 400;\">\u00a0ar brokast\u012bm 2132\u20ac<\/td>\n<\/tr>\n<tr>\n<td style=\"font-weight: 400;\">KUMARA SERENOA BY LOPESAN HOTELS 4<\/td>\n<td style=\"font-weight: 400;\">\u00a0ar brokast\u012bm un vakari\u0146\u0101m 2151\u20ac<\/td>\n<\/tr>\n<tr>\n<td style=\"font-weight: 400;\">SERVATUR CASABLANCA SUITES &amp; SPA 4<\/td>\n<td style=\"font-weight: 400;\">\u00a0ar brokast\u012bm 2154\u20ac<\/td>\n<\/tr>\n<tr>\n<td style=\"font-weight: 400;\">ABORA INTERCLUB ATLANTIC BY LOPESAN HOTELS 4<\/td>\n<td style=\"font-weight: 400;\">\u00a0ar \u0113din\u0101\u0161anu viss iek\u013cauts 2175\u20ac<\/td>\n<\/tr>\n<tr>\n<td style=\"font-weight: 400;\">ABORA CATARINA BY LOPESAN HOTELS 4<\/td>\n<td style=\"font-weight: 400;\">\u00a0ar \u0113din\u0101\u0161anu viss iek\u013cauts 2176\u20ac<\/td>\n<\/tr>\n<tr>\n<td style=\"font-weight: 400;\">LABRANDA HOTEL PLAYA BONITA 4<\/td>\n<td style=\"font-weight: 400;\">\u00a0ar brokast\u012bm un vakari\u0146\u0101m 2179\u20ac<\/td>\n<\/tr>\n<tr>\n<td style=\"font-weight: 400;\">SUITES &amp; VILLAS BY DUNAS 4<\/td>\n<td style=\"font-weight: 400;\">\u00a0ar brokast\u012bm un vakari\u0146\u0101m 2195\u20ac<\/td>\n<\/tr>\n<tr>\n<td style=\"font-weight: 400;\">LABRANDA COSTA MOG\u00c1N HOTEL 4<\/td>\n<td style=\"font-weight: 400;\">\u00a0ar brokast\u012bm un vakari\u0146\u0101m 2203\u20ac<\/td>\n<\/tr>\n<tr>\n<td style=\"font-weight: 400;\">CORALLIUM DUNAMAR BY LOPESAN HOTELS 4<\/td>\n<td style=\"font-weight: 400;\">\u00a0ar brokast\u012bm 2235\u20ac<\/td>\n<\/tr>\n<tr>\n<td style=\"font-weight: 400;\">HOTEL CRISTINA BY TIGOTAN 5<\/td>\n<td style=\"font-weight: 400;\">\u00a0ar brokast\u012bm 2238\u20ac<\/td>\n<\/tr>\n<tr>\n<td style=\"font-weight: 400;\">GRAN CANARIA PRINCESS 4<\/td>\n<td style=\"font-weight: 400;\">\u00a0ar brokast\u012bm un vakari\u0146\u0101m 2240\u20ac<\/td>\n<\/tr>\n<tr>\n<td style=\"font-weight: 400;\">DUNAS DON GREGORY 4<\/td>\n<td style=\"font-weight: 400;\">\u00a0ar brokast\u012bm 2245\u20ac<\/td>\n<\/tr>\n<tr>\n<td style=\"font-weight: 400;\">HOTEL MOGAN PRINCESS &amp; BEACH CLUB 4<\/td>\n<td style=\"font-weight: 400;\">\u00a0ar \u0113din\u0101\u0161anu viss iek\u013cauts 2295\u20ac<\/td>\n<\/tr>\n<tr>\n<td style=\"font-weight: 400;\">HOTEL RIU PAPAYAS 4<\/td>\n<td style=\"font-weight: 400;\">\u00a0ar \u0113din\u0101\u0161anu viss iek\u013cauts 2317\u20ac<\/td>\n<\/tr>\n<tr>\n<td style=\"font-weight: 400;\">CLUB MASPALOMAS SUITES &amp; SPA 4<\/td>\n<td style=\"font-weight: 400;\">\u00a0ar brokast\u012bm 2446\u20ac<\/td>\n<\/tr>\n<tr>\n<td style=\"font-weight: 400;\">LABRANDA HOTEL MARIETA 4<\/td>\n<td style=\"font-weight: 400;\">\u00a0ar \u0113din\u0101\u0161anu viss iek\u013cauts 2476\u20ac<\/td>\n<\/tr>\n<tr>\n<td style=\"font-weight: 400;\">RADISSON BLU RESORT &amp; SPA, GRAN CANARIA MOGAN 5<\/td>\n<td style=\"font-weight: 400;\">\u00a0ar brokast\u012bm 2484\u20ac<\/td>\n<\/tr>\n<tr>\n<td style=\"font-weight: 400;\">BOHEMIA SUITES &amp; SPA 5<\/td>\n<td style=\"font-weight: 400;\">\u00a0ar brokast\u012bm 2504\u20ac<\/td>\n<\/tr>\n<tr>\n<td style=\"font-weight: 400;\">LABRANDA HOTEL BRONZE PLAYA 4<\/td>\n<td style=\"font-weight: 400;\">\u00a0ar \u0113din\u0101\u0161anu viss iek\u013cauts 2509\u20ac<\/td>\n<\/tr>\n<tr>\n<td style=\"font-weight: 400;\">HOTEL TAURITO PRINCESS 4<\/td>\n<td style=\"font-weight: 400;\">\u00a0ar \u0113din\u0101\u0161anu viss iek\u013cauts 2529\u20ac<\/td>\n<\/tr>\n<tr>\n<td style=\"font-weight: 400;\">H10 PLAYA MELONERAS PALACE 5<\/td>\n<td style=\"font-weight: 400;\">\u00a0ar brokast\u012bm un vakari\u0146\u0101m 2542\u20ac<\/td>\n<\/tr>\n<tr>\n<td style=\"font-weight: 400;\">ABORA CATARINA BY LOPESAN HOTELS 4<\/td>\n<td style=\"font-weight: 400;\">\u00a0ar \u0113din\u0101\u0161anu viss iek\u013cauts 2553\u20ac<\/td>\n<\/tr>\n<tr>\n<td style=\"font-weight: 400;\">RIU PALACE PALMERAS 4<\/td>\n<td style=\"font-weight: 400;\">\u00a0ar \u0113din\u0101\u0161anu viss iek\u013cauts 2585\u20ac<\/td>\n<\/tr>\n<tr>\n<td style=\"font-weight: 400;\">LOPESAN BAOBAB RESORT 5<\/td>\n<td style=\"font-weight: 400;\">\u00a0ar brokast\u012bm 2630\u20ac<\/td>\n<\/tr>\n<tr>\n<td style=\"font-weight: 400;\">HOTEL RIU PALACE OASIS 5<\/td>\n<td style=\"font-weight: 400;\">\u00a0ar brokast\u012bm 2642\u20ac<\/td>\n<\/tr>\n<tr>\n<td style=\"font-weight: 400;\">LOPESAN VILLA DEL CONDE RESORT &amp; THALASSO 5<\/td>\n<td style=\"font-weight: 400;\">\u00a0ar brokast\u012bm 2707\u20ac<\/td>\n<\/tr>\n<tr>\n<td style=\"font-weight: 400;\">SANTA CATALINA, A ROYAL HIDEAWAY HOTEL 5<\/td>\n<td style=\"font-weight: 400;\">GL 5<\/td>\n<\/tr>\n<tr>\n<td style=\"font-weight: 400;\">HOTEL MASPALOMAS PRINCESS 4<\/td>\n<td style=\"font-weight: 400;\">\u00a0ar \u0113din\u0101\u0161anu viss iek\u013cauts 2736\u20ac<\/td>\n<\/tr>\n<tr>\n<td style=\"font-weight: 400;\">HOTEL TABAIBA PRINCESS 4<\/td>\n<td style=\"font-weight: 400;\">\u00a0ar \u0113din\u0101\u0161anu viss iek\u013cauts 2788\u20ac<\/td>\n<\/tr>\n<tr>\n<td style=\"font-weight: 400;\">HOTEL RIU PALACE MELONERAS 5<\/td>\n<td style=\"font-weight: 400;\">\u00a0ar brokast\u012bm un vakari\u0146\u0101m 2877\u20ac<\/td>\n<\/tr>\n<tr>\n<td style=\"font-weight: 400;\">HOTEL FARO, A LOPESAN COLLECTION HOTEL 5<\/td>\n<td style=\"font-weight: 400;\">\u00a0ar brokast\u012bm 3425\u20ac<\/td>\n<\/tr>\n<\/tbody>\n<\/table>\n<h3>Pied\u0101v\u0101jum\u0101 ir ar\u012b citas viesn\u012bcas<\/h3>\n<p><strong>Cen\u0101 ir iek\u013cauts:<\/strong><br \/>\n&#8211; lidojums; bag\u0101\u017ea<br \/>\n&#8211; sagaid\u012b\u0161ana lidost\u0101 un nog\u0101d\u0101\u0161ana uz izv\u0113l\u0113to viesn\u012bcu,<br \/>\n&#8211; izlido\u0161anas dien\u0101 \u2013 nog\u0101d\u0101\u0161ana no viesn\u012bcas uz lidostu;<br \/>\n&#8211; izv\u0113l\u0113t\u0101 viesn\u012bca ar izv\u0113l\u0113to \u0113din\u0101\u0161anu;<br \/>\n<a class=\"x1i10hfl xjbqb8w x6umtig x1b1mbwd xaqea5y xav7gou x9f619 x1ypdohk xt0psk2 xe8uvvx xdj266r x11i5rnm xat24cr x1mh8g0r xexx8yu x4uap5 x18d9i69 xkhd6sd x16tdsg8 x1hl2dhg xggy1nq x1a2a7pz xt0b8zv xzsf02u x1s688f\" tabindex=\"0\" role=\"link\" href=\"https:\/\/www.facebook.com\/DamaroTravel?__cft__[0]=AZUVch7XDMBdkS9OXvWHT6AfSHK_omQhgYWQzbOG3b-IoHpWnbenQfnm_rbE5HpmMmdOvYy02F-6Q_bgBgWg1eQauOPlaXhLUifxH0HiL6Vb4QwLLC8JJFKCYSFaLpma5p7IEGYIOHHvZ0xOu7eKTsjOtJbdRFu8FfmryHg0BO8vQ-UOjBbHIt5hcPXosa8ZoF4&amp;__tn__=-]K*F\"><span class=\"xt0psk2\">http:\/\/www.facebook.com\/DamaroTravel<\/span><\/a><br \/>\nT.:22301807, info@damarotravel.lv<\/p>\n","protected":false},"featured_media":4675,"comment_status":"open","ping_status":"closed","template":"","meta":[],"store":[],"product_cat":[15],"product_tag":[86],"class_list":{"0":"post-4674","1":"product","2":"type-product","3":"status-publish","4":"has-post-thumbnail","6":"product_cat-pedeja-briza-piedavajumi","7":"product_tag-kanariju-salas","9":"first","10":"instock","11":"taxable","12":"shipping-taxable","13":"product-type-simple"},"jetpack_sharing_enabled":true,"_links":{"self":[{"href":"https:\/\/celojumugids.lv\/index.php?rest_route=\/wp\/v2\/product\/4674","targetHints":{"allow":["GET"]}}],"collection":[{"href":"https:\/\/celojumugids.lv\/index.php?rest_route=\/wp\/v2\/product"}],"about":[{"href":"https:\/\/celojumugids.lv\/index.php?rest_route=\/wp\/v2\/types\/product"}],"replies":[{"embeddable":true,"href":"https:\/\/celojumugids.lv\/index.php?rest_route=%2Fwp%2Fv2%2Fcomments&post=4674"}],"wp:featuredmedia":[{"embeddable":true,"href":"https:\/\/celojumugids.lv\/index.php?rest_route=\/wp\/v2\/media\/4675"}],"wp:attachment":[{"href":"https:\/\/celojumugids.lv\/index.php?rest_route=%2Fwp%2Fv2%2Fmedia&parent=4674"}],"wp:term":[{"taxonomy":"store","embeddable":true,"href":"https:\/\/celojumugids.lv\/index.php?rest_route=%2Fwp%2Fv2%2Fstore&post=4674"},{"taxonomy":"product_cat","embeddable":true,"href":"https:\/\/celojumugids.lv\/index.php?rest_route=%2Fwp%2Fv2%2Fproduct_cat&post=4674"},{"taxonomy":"product_tag","embeddable":true,"href":"https:\/\/celojumugids.lv\/index.php?rest_route=%2Fwp%2Fv2%2Fproduct_tag&post=4674"}],"curies":[{"name":"wp","href":"https:\/\/api.w.org\/{rel}","templated":true}]}}