{"id":4672,"date":"2023-04-27T21:58:18","date_gmt":"2023-04-27T18:58:18","guid":{"rendered":"https:\/\/celojumugids.lv\/piedavajumi\/tenerife\/"},"modified":"2023-04-27T21:58:20","modified_gmt":"2023-04-27T18:58:20","slug":"tenerife","status":"publish","type":"product","link":"https:\/\/celojumugids.lv\/?product=tenerife","title":{"rendered":"Tenerife"},"content":{"rendered":"<h1>Tenerife<\/h1>\n<p>(sp\u0101\u0146u: Tenerife; izrun\u0101: [tene\u02c8\u027eife]) ir liel\u0101k\u0101 no septi\u0146\u0101m Sp\u0101nijai piedero\u0161aj\u0101m Kan\u0101riju sal\u0101m, Atlantijas oke\u0101n\u0101, net\u0101lu no \u0100frikas piekrastes. Sala ir 2034,38 km2 liela un taj\u0101 dz\u012bvo 889 833 iedz\u012bvot\u0101ji. T\u0101 ir apdz\u012bvot\u0101k\u0101 sala Kan\u0101riju sal\u0101s un apdz\u012bvot\u0101k\u0101 Sp\u0101nijai piedero\u0161\u0101 sala. Augst\u0101k\u0101 virsotne \u2014 darb\u012bgs vulk\u0101ns Teide (Pico de Teide) (3718 m) Tenerifes sal\u0101. Teide ir ar\u012b augst\u0101k\u0101 virsotne vis\u0101 Sp\u0101nij\u0101.<\/p>\n<p>Tenerife ir Kan\u0101riju salu ekonomiskais centrs un viens no iev\u0113rojam\u0101kajiem t\u016brisma m\u0113r\u0137iem,[1] salu ik gadu apmekl\u0113 apm\u0113ram 5 miljoni t\u016bristu.<\/p>\n<p>Tenerif\u0113 notiek ar\u012b viens no pasaules liel\u0101kajiem karnev\u0101liem Carnival of Santa Cruz de Tenerife, kas ir iek\u013cauts UNESCO Pasaules kult\u016bras mantojuma sarakst\u0101.[2] T\u0101pat Tenerife ir vien\u012bg\u0101 Sp\u0101nijai piedero\u0161\u0101 sala, kur\u0101 ir divas lidostas.<\/p>\n<h2>Fakti par Tenerifi<\/h2>\n<p>Valsts: Sp\u0101nija<br \/>\nAutonom\u0101 kopiena: Kan\u0101riju Salas<br \/>\nKop\u0113j\u0101 plat\u012bba: 2\u00a0034\u00a0km2<br \/>\nIedz\u012bvot\u0101ji\u00a0(2018)<br \/>\n\u2022\u00a0kop\u0101 904\u00a0713<br \/>\n\u2022\u00a0bl\u012bvums 435\/km\u00b2<br \/>\nLaika josla UTC (UTC0)<br \/>\n\u2022\u00a0Vasaras laiks (DST) UTC+1 (UTC+1)<br \/>\nM\u0101jaslapa http:\/\/www.tenerife.es<\/p>\n","protected":false},"excerpt":{"rendered":"<h3>Ce\u013co\u0161anas datumi<\/h3>\n<p>[highlight background=&#8221;&#8221; color=&#8221;&#8221;]25.10.2022-01.11.2023[\/highlight]<\/p>\n<p>&nbsp;<\/p>\n<h3>Cena par pieaugu\u0161o<\/h3>\n<p>[highlight background=&#8221;&#8221; color=&#8221;&#8221;]7 n. No 359\u20ac[\/highlight]<\/p>\n<p>&nbsp;<\/p>\n","protected":false},"featured_media":4673,"comment_status":"open","ping_status":"closed","template":"","meta":[],"store":[],"product_cat":[15],"product_tag":[83,70,84],"class_list":{"0":"post-4672","1":"product","2":"type-product","3":"status-publish","4":"has-post-thumbnail","6":"product_cat-pedeja-briza-piedavajumi","7":"product_tag-gran-canaria","8":"product_tag-last-minute","9":"product_tag-tenerife","11":"first","12":"instock","13":"taxable","14":"shipping-taxable","15":"product-type-simple"},"jetpack_sharing_enabled":true,"_links":{"self":[{"href":"https:\/\/celojumugids.lv\/index.php?rest_route=\/wp\/v2\/product\/4672","targetHints":{"allow":["GET"]}}],"collection":[{"href":"https:\/\/celojumugids.lv\/index.php?rest_route=\/wp\/v2\/product"}],"about":[{"href":"https:\/\/celojumugids.lv\/index.php?rest_route=\/wp\/v2\/types\/product"}],"replies":[{"embeddable":true,"href":"https:\/\/celojumugids.lv\/index.php?rest_route=%2Fwp%2Fv2%2Fcomments&post=4672"}],"wp:featuredmedia":[{"embeddable":true,"href":"https:\/\/celojumugids.lv\/index.php?rest_route=\/wp\/v2\/media\/4673"}],"wp:attachment":[{"href":"https:\/\/celojumugids.lv\/index.php?rest_route=%2Fwp%2Fv2%2Fmedia&parent=4672"}],"wp:term":[{"taxonomy":"store","embeddable":true,"href":"https:\/\/celojumugids.lv\/index.php?rest_route=%2Fwp%2Fv2%2Fstore&post=4672"},{"taxonomy":"product_cat","embeddable":true,"href":"https:\/\/celojumugids.lv\/index.php?rest_route=%2Fwp%2Fv2%2Fproduct_cat&post=4672"},{"taxonomy":"product_tag","embeddable":true,"href":"https:\/\/celojumugids.lv\/index.php?rest_route=%2Fwp%2Fv2%2Fproduct_tag&post=4672"}],"curies":[{"name":"wp","href":"https:\/\/api.w.org\/{rel}","templated":true}]}}