{"id":4670,"date":"2023-04-27T21:58:17","date_gmt":"2023-04-27T18:58:17","guid":{"rendered":"https:\/\/celojumugids.lv\/piedavajumi\/burgasa\/"},"modified":"2023-04-27T21:58:18","modified_gmt":"2023-04-27T18:58:18","slug":"burgasa","status":"publish","type":"product","link":"https:\/\/celojumugids.lv\/?product=burgasa","title":{"rendered":"Burgasa"},"content":{"rendered":"<h1>Saulain\u0101 Burgasa<\/h1>\n<p>Burgasa (bulg\u0101ru: \u0411\u0443\u0440\u0433\u0430\u0441) ir pils\u0113ta Bulg\u0101rijas dienvidaustrumos pie Meln\u0101s j\u016bras. Otr\u0101 liel\u0101k\u0101 (aiz Varnas) Bulg\u0101rijas pils\u0113ta pie Meln\u0101s j\u016bras un valsts liel\u0101k\u0101 j\u016bras osta. Apkaim\u0113 vair\u0101kas k\u016brortpils\u0113tas. Ap pils\u0113tu atrodas Burgasas ezeri.<\/p>\n<h2>V\u0113sture<\/h2>\n<p>Burgasas priek\u0161tece ir viduslaiku grie\u0137u apmetne Pirgosa (\u03a0\u03cd\u03c1\u03b3\u03bf\u03c2), tulkojum\u0101 &#8220;tornis&#8221;. L\u012bdz Bulg\u0101rijas neatkar\u012bbas nodibin\u0101\u0161anai 1878. gad\u0101 Burgasa bija neliela, grie\u0137u apdz\u012bvota pils\u0113ti\u0146a. Neatkar\u012bg\u0101s Bulg\u0101rijas laik\u0101 t\u0101 k\u013cuva par Bulg\u0101rijas dienvidu piekrastes galveno centru ar att\u012bst\u012btu naftas un \u0137\u012bmisko r\u016bpniec\u012bbu. 1903. gad\u0101 pils\u0113t\u0101 ien\u0101ca dzelzce\u013c\u0161, kas pa\u0101trin\u0101ja t\u0101s att\u012bst\u012bbu. Soci\u0101listisk\u0101s Bulg\u0101rijas laik\u0101 pils\u0113ta sp\u0113ja saglab\u0101t savu 20. gadsimta s\u0101kuma arhitekt\u016bru.<\/p>\n","protected":false},"excerpt":{"rendered":"<h3>Cena par pieaugu\u0161o<\/h3>\n<p>[highlight background=&#8221;&#8221; color=&#8221;&#8221;]7 n. No 548 \u20ac[\/highlight]<\/p>\n","protected":false},"featured_media":4671,"comment_status":"open","ping_status":"closed","template":"","meta":[],"store":[],"product_cat":[15],"product_tag":[81,70],"class_list":{"0":"post-4670","1":"product","2":"type-product","3":"status-publish","4":"has-post-thumbnail","6":"product_cat-pedeja-briza-piedavajumi","7":"product_tag-bulgarija","8":"product_tag-last-minute","10":"first","11":"instock","12":"taxable","13":"shipping-taxable","14":"purchasable","15":"product-type-simple"},"jetpack_sharing_enabled":true,"_links":{"self":[{"href":"https:\/\/celojumugids.lv\/index.php?rest_route=\/wp\/v2\/product\/4670","targetHints":{"allow":["GET"]}}],"collection":[{"href":"https:\/\/celojumugids.lv\/index.php?rest_route=\/wp\/v2\/product"}],"about":[{"href":"https:\/\/celojumugids.lv\/index.php?rest_route=\/wp\/v2\/types\/product"}],"replies":[{"embeddable":true,"href":"https:\/\/celojumugids.lv\/index.php?rest_route=%2Fwp%2Fv2%2Fcomments&post=4670"}],"wp:featuredmedia":[{"embeddable":true,"href":"https:\/\/celojumugids.lv\/index.php?rest_route=\/wp\/v2\/media\/4671"}],"wp:attachment":[{"href":"https:\/\/celojumugids.lv\/index.php?rest_route=%2Fwp%2Fv2%2Fmedia&parent=4670"}],"wp:term":[{"taxonomy":"store","embeddable":true,"href":"https:\/\/celojumugids.lv\/index.php?rest_route=%2Fwp%2Fv2%2Fstore&post=4670"},{"taxonomy":"product_cat","embeddable":true,"href":"https:\/\/celojumugids.lv\/index.php?rest_route=%2Fwp%2Fv2%2Fproduct_cat&post=4670"},{"taxonomy":"product_tag","embeddable":true,"href":"https:\/\/celojumugids.lv\/index.php?rest_route=%2Fwp%2Fv2%2Fproduct_tag&post=4670"}],"curies":[{"name":"wp","href":"https:\/\/api.w.org\/{rel}","templated":true}]}}