{"id":4668,"date":"2023-04-27T21:58:16","date_gmt":"2023-04-27T18:58:16","guid":{"rendered":"https:\/\/celojumugids.lv\/piedavajumi\/kipra\/"},"modified":"2023-04-27T21:58:17","modified_gmt":"2023-04-27T18:58:17","slug":"kipra","status":"publish","type":"product","link":"https:\/\/celojumugids.lv\/?product=kipra","title":{"rendered":"Kipra"},"content":{"rendered":"<h1>Saulain\u0101 Kipra<\/h1>\n<p>Karsta saule, zilas debesis un zeltainas pludmales ir galvenie krit\u0113riji, p\u0113c kuriem daudzi cilv\u0113ki izv\u0113las br\u012bvdienu galam\u0113r\u0137i, un, protams, Kipra ir \u010dempione. \u0160\u012b br\u012bni\u0161\u0137\u012bg\u0101 sala ar t\u0101s unik\u0101lajiem dabas kontrastiem ir \u012bsta Vidusj\u016bras p\u0113rle, kas piesaista miljoniem t\u016bristu no visas pasaules. Tie, kas \u0161eit ir biju\u0161i, apgalvo, ka, ja kaut kur pasaul\u0113 ir parad\u012bze, tad t\u0101 ir Kipra. Saules pieliet\u0101s smil\u0161u pludmales un zil\u0101 j\u016bra mijas ar majest\u0101tisk\u0101m kalnu gr\u0113d\u0101m, ko kl\u0101j m\u016b\u017eza\u013ci me\u017ei; citrusaug\u013cu d\u0101rzi un ban\u0101nu plant\u0101cijas mijas ar ol\u012bvu audz\u0113m un v\u012bna d\u0101rziem. Tie\u0161i \u0161\u012bs salas krastos no j\u016bras put\u0101m izauga m\u012blest\u012bbas un skaistuma dieviete Afrod\u012bte.<\/p>\n<h2>Fakti par Kipru<\/h2>\n<div class=\"wDYxhc\" lang=\"lv-LV\" data-md=\"50\" data-hveid=\"CF0QAA\" data-ved=\"2ahUKEwiYiK_i2NH8AhWwi_0HHSTKB3gQkCl6BAhdEAA\">\n<div class=\"PZPZlf hb8SAc\" data-attrid=\"description\" data-hveid=\"CF0QAQ\" data-ved=\"2ahUKEwiYiK_i2NH8AhWwi_0HHSTKB3gQziAoAHoECF0QAQ\">\n<div><\/div>\n<\/div>\n<\/div>\n<div class=\"wDYxhc\" lang=\"lv-LV\" data-attrid=\"kc:\/location\/place:neighborhoods\" data-md=\"1001\" data-hveid=\"CF8QAA\" data-ved=\"2ahUKEwiYiK_i2NH8AhWwi_0HHSTKB3gQkCl6BAhfEAA\">\n<div class=\"Z1hOCe\">\n<div class=\"zloOqf PZPZlf\" data-ved=\"2ahUKEwiYiK_i2NH8AhWwi_0HHSTKB3gQyxMoAHoECF8QAQ\">\n<div class=\"rVusze\">\n<p>Kipra, ofici\u0101li Kipras Republika, ir salu valsts austrumu Vidusj\u016br\u0101. T\u0101 ir tre\u0161\u0101 liel\u0101k\u0101 sala Vidusj\u016br\u0101 p\u0113c Sic\u012blijas un Sard\u012bnijas. Kipra atrodas uz austrumiem no Grie\u0137ijas, uz dienvidiem no Turcijas un S\u012brijas, uz rietumiem no Lib\u0101nas, uz zieme\u013crietumiem no Gazas joslas un Izra\u0113las, uz zieme\u013ciem no \u0112\u0123iptes. Dom\u0101jams, ka Kipra nosaukta viet\u0113ja auga kupros v\u0101rd\u0101 (grie\u0137u vai. &#8211; Cerastes), kas noz\u012bm\u0113 &#8220;ragainais&#8221;.<\/p>\n<p>Kipra ir tre\u0161\u0101 visvair\u0101k apdz\u012bvot\u0101 valsts Vidusj\u016br\u0101 un t\u0101 ir viena no popul\u0101r\u0101kaj\u0101m t\u016bristu galam\u0113r\u0137iem. 2004. gada 1. maij\u0101 Kipra k\u013cuva par Eiropas Savien\u012bbas dal\u012bbvalsti un 2008. gada 1. janv\u0101r\u012b Kipras Republika pievienoj\u0101s eirozonai.<\/p>\n<\/div>\n<\/div>\n<\/div>\n<\/div>\n","protected":false},"excerpt":{"rendered":"<h3>Datumi<\/h3>\n<p>[highlight background=&#8221;&#8221; color=&#8221;&#8221;]28\/01\/2023 \u2013 19\/04\/2023[\/highlight]<\/p>\n<p>&nbsp;<\/p>\n<h3>Cena par pieaugu\u0161o<\/h3>\n<p>[highlight background=&#8221;&#8221; color=&#8221;&#8221;]7 n. No 548 \u20ac[\/highlight]<\/p>\n","protected":false},"featured_media":4669,"comment_status":"open","ping_status":"closed","template":"","meta":[],"store":[],"product_cat":[15],"product_tag":[79,70],"class_list":{"0":"post-4668","1":"product","2":"type-product","3":"status-publish","4":"has-post-thumbnail","6":"product_cat-pedeja-briza-piedavajumi","7":"product_tag-kipra","8":"product_tag-last-minute","10":"first","11":"instock","12":"taxable","13":"shipping-taxable","14":"purchasable","15":"product-type-simple"},"jetpack_sharing_enabled":true,"_links":{"self":[{"href":"https:\/\/celojumugids.lv\/index.php?rest_route=\/wp\/v2\/product\/4668","targetHints":{"allow":["GET"]}}],"collection":[{"href":"https:\/\/celojumugids.lv\/index.php?rest_route=\/wp\/v2\/product"}],"about":[{"href":"https:\/\/celojumugids.lv\/index.php?rest_route=\/wp\/v2\/types\/product"}],"replies":[{"embeddable":true,"href":"https:\/\/celojumugids.lv\/index.php?rest_route=%2Fwp%2Fv2%2Fcomments&post=4668"}],"wp:featuredmedia":[{"embeddable":true,"href":"https:\/\/celojumugids.lv\/index.php?rest_route=\/wp\/v2\/media\/4669"}],"wp:attachment":[{"href":"https:\/\/celojumugids.lv\/index.php?rest_route=%2Fwp%2Fv2%2Fmedia&parent=4668"}],"wp:term":[{"taxonomy":"store","embeddable":true,"href":"https:\/\/celojumugids.lv\/index.php?rest_route=%2Fwp%2Fv2%2Fstore&post=4668"},{"taxonomy":"product_cat","embeddable":true,"href":"https:\/\/celojumugids.lv\/index.php?rest_route=%2Fwp%2Fv2%2Fproduct_cat&post=4668"},{"taxonomy":"product_tag","embeddable":true,"href":"https:\/\/celojumugids.lv\/index.php?rest_route=%2Fwp%2Fv2%2Fproduct_tag&post=4668"}],"curies":[{"name":"wp","href":"https:\/\/api.w.org\/{rel}","templated":true}]}}