{"id":4664,"date":"2023-04-27T21:58:12","date_gmt":"2023-04-27T18:58:12","guid":{"rendered":"https:\/\/celojumugids.lv\/piedavajumi\/kreta\/"},"modified":"2023-04-27T21:58:13","modified_gmt":"2023-04-27T18:58:13","slug":"kreta","status":"publish","type":"product","link":"https:\/\/celojumugids.lv\/?product=kreta","title":{"rendered":"Kr\u0113ta"},"content":{"rendered":"<h1>Kr\u0113ta<\/h1>\n<p>Kr\u0113ta (grie\u0137u: \u039a\u03c1\u03ae\u03c4\u03b7 ) ir liel\u0101k\u0101 un apdz\u012bvot\u0101k\u0101 Grie\u0137ijas un piekt\u0101 liel\u0101k\u0101 sala Vidusj\u016br\u0101, p\u0113c Sic\u012blijas, Sard\u012bnijas, Kipras un Korsikas. Salas liel\u0101k\u0101 pils\u0113ta un Kr\u0113tas perif\u0113rijas (grie\u0137u: \u03a0\u03b5\u03c1\u03b9\u03c6\u03ad\u03c1\u03b5\u03b9\u03b1 \u039a\u03c1\u03ae\u03c4\u03b7\u03c2) administrat\u012bvais centrs ir Iraklija, t\u0101 atrodas salas centr\u0101laj\u0101 da\u013c\u0101.<\/p>\n<p>Liela da\u013ca Grie\u0137ijas ekonomikas koncentr\u0113ta tie\u0161i Kr\u0113t\u0101. Tai ir ar\u012b savs grie\u0137u valodas dialekts, dzeja un m\u016bzika. Kr\u0113ta bija M\u012bnojas civiliz\u0101cijas centrs (~3000.g. &#8211; 1400.g p.m.\u0113.), kas pa\u0161laik tiek uzskat\u012bta par vec\u0101ko re\u0123istr\u0113to Eiropas civiliz\u0101ciju un visticam\u0101k g\u0101jusi boj\u0101 Teras vulk\u0101na izvirduma laik\u0101 Santorini.<\/p>\n<h2>Fakti par Kr\u0113tu<\/h2>\n<p>Kr\u0113ta ir Grie\u0137ijas liel\u0101k\u0101 sala un piekt\u0101 liel\u0101k\u0101 sala Vidusj\u016br\u0101. Sala atrodas Egejas j\u016bras dienvidu da\u013c\u0101 un ir 260 kilometrus gara rietumu \u2014 austrumu virzien\u0101, ir 60 km plat\u0101kaj\u0101 viet\u0101 un sa\u0161aurin\u0101s l\u012bdz ne vair\u0101k k\u0101 12 km (Ierapetras zemes \u0161aurums). Kr\u0113ta ir 8336 km2 liela, un t\u0101s krasta l\u012bnija ir 1046 km gara. T\u0101 atrodas aptuveni 160 kilometru att\u0101lum\u0101 no Grie\u0137ijas sauszemes un tiek apskalota ar Kr\u0113tas j\u016bru zieme\u013cos, L\u012bbijas j\u016bru dienvidos, Karpatas j\u016bru austrumos un Mirtejas j\u016bru rietumos.<\/p>\n","protected":false},"excerpt":{"rendered":"<h3>Ce\u013co\u0161anas datumi<\/h3>\n<p>[highlight background=&#8221;&#8221; color=&#8221;&#8221;]25.10.2022-01.11.2023[\/highlight]<\/p>\n<p>&nbsp;<\/p>\n<h3>Cena par pieaugu\u0161o<\/h3>\n<p>[highlight background=&#8221;&#8221; color=&#8221;&#8221;]7 n. No 365\u20ac[\/highlight]<\/p>\n","protected":false},"featured_media":4665,"comment_status":"open","ping_status":"closed","template":"","meta":[],"store":[],"product_cat":[15],"product_tag":[72,73,70],"class_list":{"0":"post-4664","1":"product","2":"type-product","3":"status-publish","4":"has-post-thumbnail","6":"product_cat-pedeja-briza-piedavajumi","7":"product_tag-crete","8":"product_tag-kreta","9":"product_tag-last-minute","11":"first","12":"instock","13":"taxable","14":"shipping-taxable","15":"product-type-simple"},"jetpack_sharing_enabled":true,"_links":{"self":[{"href":"https:\/\/celojumugids.lv\/index.php?rest_route=\/wp\/v2\/product\/4664","targetHints":{"allow":["GET"]}}],"collection":[{"href":"https:\/\/celojumugids.lv\/index.php?rest_route=\/wp\/v2\/product"}],"about":[{"href":"https:\/\/celojumugids.lv\/index.php?rest_route=\/wp\/v2\/types\/product"}],"replies":[{"embeddable":true,"href":"https:\/\/celojumugids.lv\/index.php?rest_route=%2Fwp%2Fv2%2Fcomments&post=4664"}],"wp:featuredmedia":[{"embeddable":true,"href":"https:\/\/celojumugids.lv\/index.php?rest_route=\/wp\/v2\/media\/4665"}],"wp:attachment":[{"href":"https:\/\/celojumugids.lv\/index.php?rest_route=%2Fwp%2Fv2%2Fmedia&parent=4664"}],"wp:term":[{"taxonomy":"store","embeddable":true,"href":"https:\/\/celojumugids.lv\/index.php?rest_route=%2Fwp%2Fv2%2Fstore&post=4664"},{"taxonomy":"product_cat","embeddable":true,"href":"https:\/\/celojumugids.lv\/index.php?rest_route=%2Fwp%2Fv2%2Fproduct_cat&post=4664"},{"taxonomy":"product_tag","embeddable":true,"href":"https:\/\/celojumugids.lv\/index.php?rest_route=%2Fwp%2Fv2%2Fproduct_tag&post=4664"}],"curies":[{"name":"wp","href":"https:\/\/api.w.org\/{rel}","templated":true}]}}