{"id":4662,"date":"2023-04-27T21:58:10","date_gmt":"2023-04-27T18:58:10","guid":{"rendered":"https:\/\/celojumugids.lv\/piedavajumi\/sarm-el-seiha\/"},"modified":"2023-04-27T21:58:12","modified_gmt":"2023-04-27T18:58:12","slug":"sarm-el-seiha","status":"publish","type":"product","link":"https:\/\/celojumugids.lv\/?product=sarm-el-seiha","title":{"rendered":"\u0160arm El \u0160eiha"},"content":{"rendered":"<h1>Ce\u013cojuma apraksts<\/h1>\n<p><strong>1. diena<\/strong>: Iera\u0161an\u0101s Hurgad\u0101 J\u016bs ierad\u012bsieties Hurgadas starptautiskaj\u0101 lidost\u0101, kur J\u016bs tiksit sagaid\u012bti m\u016bsu ce\u013cojuma biroja p\u0101rst\u0101vja, kur\u0161 nodro\u0161in\u0101s J\u016bsu transf\u0113ru uz viesn\u012bcu. Jums b\u016bs laiks atp\u016bsties no ce\u013ca un izbaud\u012bt pirmos iespaidus no Sarkan\u0101s j\u016bras krasta.<\/p>\n<p><strong>2.-7.<\/strong> diena: Br\u012bvdienas Hurgad\u0101 \u0160aj\u0101s dien\u0101s J\u016bs baud\u012bsiet atp\u016btu Hurgadas viesn\u012bc\u0101, kur\u0101 var\u0113siet relaks\u0113ties pie Sarkan\u0101s j\u016bras pludmal\u0113m, peld\u0113ties, \u0161norkel\u0113t vai piedal\u012bties da\u017e\u0101d\u0101s \u016bdens aktivit\u0101t\u0113s, piem\u0113ram, n\u016bjo\u0161an\u0101, \u017e\u016bkot\u0101ju safari vai nir\u0161an\u0101. Hurgada ir paz\u012bstama ar\u012b ar savu kr\u0101\u0161\u0146o kora\u013c\u013cu rifiem, t\u0101p\u0113c t\u0101 ir lieliska vieta zem\u016bdens pasaules izp\u0113tei.<\/p>\n<p><strong>8.diena<\/strong>: Atgrie\u0161an\u0101s m\u0101j\u0101s P\u0113d\u0113j\u0101 dien\u0101 J\u016bs p\u0101rbaud\u012bsieties no viesn\u012bcas un tiksiet p\u0101rvesti uz lidostu, lai dotos atpaka\u013c m\u0101j\u0101s.<\/p>\n<p><strong>Tiek iek\u013cauts ce\u013cojuma cen\u0101:<\/strong><\/p>\n<ul>\n<li>Lidojums no [izlido\u0161anas pils\u0113ta] uz Hurgadu un atpaka\u013c<\/li>\n<li>Viesn\u012bcas izmitin\u0101\u0161ana Hurgad\u0101, ar brokast\u012bm vai all inclusive pakalpojumiem (atkar\u012bb\u0101 no izv\u0113les)<\/li>\n<li>Transf\u0113ri no\/starp lidostu un viesn\u012bcu<\/li>\n<li>Ce\u013cojuma apdro\u0161in\u0101\u0161ana<\/li>\n<\/ul>\n<p>Tas ir tikai pamata ce\u013cojuma apraksts, un m\u016bsu ce\u013cojuma a\u0123enti ir gatavi piel\u0101got ce\u013cojumu tie\u0161i J\u016bsu v\u0113lm\u0113m un pras\u012bb\u0101m. Lai veiktu rezerv\u0101ciju vai ieg\u016btu papildinform\u0101ciju par ce\u013cojumu uz Hurgadu, l\u016bdzu, veiciet rezerv\u0101ciju. Lai veiktu rezerv\u0101ciju vai ieg\u016btu papildinform\u0101ciju par ce\u013cojumu uz Hurgadu, l\u016bdzu, sazinieties ar m\u016bsu ce\u013cojuma biroja a\u0123ent\u016bru pa t\u0101lruni\u00a0 vai e-pastu kas nor\u0101d\u012bti m\u0101jas lapas kontaktu sada\u013c\u0101. M\u016bsu atsauc\u012bgais ce\u013cojumu a\u0123ents b\u016bs priec\u012bgs pal\u012bdz\u0113t Jums ar visiem J\u016bsu jaut\u0101jumiem, sniegt papildinform\u0101ciju par cenu, viesn\u012bc\u0101m, atp\u016btas iesp\u0113j\u0101m Hurgad\u0101 un pal\u012bdz\u0113t ar rezerv\u0101cijas veik\u0161anu.<\/p>\n<p>M\u0113s esam ce\u013cojumu profesion\u0101\u013ci, kas nodro\u0161ina kvalitat\u012bvus un komfortablus ce\u013cojumus uz popul\u0101riem galam\u0113r\u0137iem vis\u0101 pasaul\u0113. Ar mums J\u016bs varat b\u016bt dro\u0161s, ka J\u016bsu ce\u013cojums uz Hurgadu b\u016bs r\u016bp\u012bgi organiz\u0113ts, lai J\u016bs var\u0113tu baud\u012bt neparasto skaistumu, kult\u016bru un v\u0113sturi, ko \u0161is aizraujo\u0161ais galam\u0113r\u0137is pied\u0101v\u0101.<\/p>\n<h1>Hurgada<\/h1>\n<p>\u0112\u0123iptes miera osta \u0160armel\u0161eiha ir Sarkan\u0101s j\u016bras pludmales pils\u0113ta, kur ik gadu ierodas t\u016bksto\u0161iem t\u016bristu, lai izvair\u012btos no m\u016bsdienu dz\u012bves gr\u016bt\u012bb\u0101m. Vienk\u0101r\u0161i pa\u0146emiet peldkost\u012bmu un sau\u013co\u0161an\u0101s kr\u0113mu un izbaudiet zeltain\u0101s smiltis vai ienirstiet oke\u0101n\u0101, lai apskat\u012btu kora\u013c\u013cu rifus. \u0160arm el \u0160eih\u0101 atrodas gandr\u012bz tre\u0161da\u013ca no vis\u0101m \u0112\u0123iptes viesn\u012bc\u0101m, t\u0101p\u0113c \u0161eit atrad\u012bsiet ko piem\u0113rotu ikvienam atp\u016btniekam &#8211; gan izsmalcin\u0101tiem, gan saules mekl\u0113t\u0101jiem.<\/p>\n<p>Lai gan pa\u0161as Sarkan\u0101s j\u016bras pludmales pied\u0101v\u0101 daudz jautr\u012bbas un noteikti ir galvenais t\u016bristu magn\u0113ts, \u0160armel\u0161eih\u0101 ir daudz citu aizraujo\u0161u vietu, kuras nedr\u012bkst palaist gar\u0101m. Piem\u0113ram, \u0160armas Senais tirgus un \u0160arm el \u0160eihas tirgus laukums, kur var ne tikai ieg\u0101d\u0101ties ar rok\u0101m darin\u0101tus \u0113\u0123iptie\u0161u suven\u012brus un gar\u0161vielas, bet ar\u012b baud\u012bt viet\u0113jo kult\u016bru. Lai atv\u0113sin\u0101tos, net\u0101lu atrodas kartingu trase tiem, kas m\u012bl \u0101trumu un azartu.<\/p>\n<p>Pirms t\u0101 k\u013cuva par sau\u013co\u0161an\u0101s meku, \u0160armel\u0161eiha, pateicoties t\u0101s kora\u013c\u013cu rifiem, ilgu laiku bija karst\u0101 vieta nir\u0161anas entuziastiem. Ja esat nir\u0113js, varat uzvilkt hidrot\u0113rpu un izp\u0113t\u012bt Sarkan\u0101s j\u016bras br\u012bnumus, tostarp Thistlegorm un Dunraven vraku.<\/p>\n<p>Varat ar\u012b peld\u0113ties kop\u0101 ar delf\u012bniem vai, ja nev\u0113laties sam\u0113rc\u0113ties, doties izbraucien\u0101 ar laivu uz Tir\u0113nu sal\u0101m vai izp\u0113t\u012bt dzi\u013cumus ar mini zem\u016bdeni, kas da\u013c\u0113ji iegremd\u0113ta par\u0101da visu pla\u0161o zem\u016bdens pasauli, s\u0101kot no rifiem l\u012bdz ziv\u012bm, kas peld, lai ar jums sasveicin\u0101tos. \u0160armel\u0161eih\u0101 atrodas ar\u012b \u0112\u0123iptes vec\u0101kais nacion\u0101lais parks Ras Mohamed, ko veido neskartas tuksne\u0161u un baltu smil\u0161u pludmales. Taj\u0101 m\u012bt t\u016bksto\u0161iem zivju sugu, simtiem kora\u013c\u013cu un v\u0113\u017eveid\u012bgo sugu, k\u0101 ar\u012b bru\u0146urupu\u010du \u0123imenes. To visu var apskat\u012bt tuvum\u0101, nirstot ar nir\u0161anu vai snorkel\u0113jot.<\/p>\n<p>T\u0101 k\u0101 visas \u0160armel\u0161eihas pludmales ir bag\u0101tas ar kora\u013c\u013ciem, tas nedaudz apgr\u016btina pludmales baud\u012b\u0161anu kop\u0101 ar b\u0113rniem. Ta\u010du ir risin\u0101jums, un daudz\u0101s viesn\u012bc\u0101s tas ir pieejams &#8211; gandr\u012bz katr\u0101 viesn\u012bc\u0101 ir k\u0101da veida \u016bdens izklaides iesp\u0113jas, s\u0101kot ar b\u0113rniem dro\u0161iem baseiniem un beidzot ar \u016bdens parkiem. Liel\u0101kais no tiem ir Albatros \u016bdens atrakciju parks ar 30 da\u017e\u0101diem tematiskiem slidkalni\u0146iem, no kuriem katrs atg\u0101dina cietoksni, pili vai klinti.<\/p>\n<p>V\u0113l viens no popul\u0101r\u0101kajiem \u0160armel\u0161eihas \u016bdens atrakciju parkiem ir Cleo Park jeb Faraonu akvaparks. Visas tur eso\u0161\u0101s atrakcijas ir balst\u012btas uz un starp popul\u0101r\u0101kajiem \u0112\u0123iptes pieminek\u013ciem. M\u0101ksl\u012bgo vi\u013c\u0146u zona atg\u0101dina Kleopatras baseinu, viens no atrakcij\u0101m iet cauri piram\u012bdai, bet net\u0101lu atrodas pats Sfinkss un citas slaveno pieminek\u013cu replikas. Tas ir jautri b\u0113rniem un interesanti ar\u012b pieaugu\u0161ajiem.<\/p>\n<p>Protams, \u0160arm el \u0160eih\u0101 ir ar\u012b daudz restor\u0101nu, kas pied\u0101v\u0101 viet\u0113j\u0101s un starptautisk\u0101s virtuves \u0113dienus, klubi, b\u0101ri, kazino un pludmales diskot\u0113ka. Ta\u010du \u012bpa\u0161i romantiski ir doties uz tuksnesi, lai izbaud\u012btu tradicion\u0101lo viesm\u012bl\u012bbu, tipisk\u0101s izklaides un viet\u0113jo \u0113dienu bag\u0101t\u012bbu. Papildu bonuss ir iesp\u0113ja v\u0113rot zvaigznes, kas \u0161eit sp\u012bd \u012bpa\u0161i spo\u017ei. Tikpat skaisti ir saulrieti uz biblisk\u0101 Sinaja kalna, kur rieto\u0161\u0101 saule nokr\u0101so klintis burv\u012bg\u0101kaj\u0101s to\u0146u kombin\u0101cij\u0101s.<\/p>\n<p>Ja neesat gatavi doties izj\u0101d\u0113 uz kamie\u013ciem vai veikt 4000 pak\u0101pienu l\u012bdz kalna virsotnei, kalna pak\u0101j\u0113 var apskat\u012bt Sv\u0113t\u0101s Katr\u012bnas klosteri, kas ir vec\u0101kais kristiet\u012bb\u0101. \u0160eit joproj\u0101m za\u013co slavenais dego\u0161ais kr\u016bms, k\u0101 ar\u012b citi B\u012bbeles simboli. Ar\u012b 11 metrus augst\u0101s klostera sienas glab\u0101 v\u0113sturiskas atmi\u0146as, jo t\u0101s ir kl\u0101tas ar krustiem un monogramm\u0101m.<\/p>\n<p>\u0160arm el \u0160eih\u0101 \u013coti popul\u0101ras ir ar\u012b bedu\u012bnu ekskursijas pa S\u012bn\u0101ja tuksnesi. J\u016bs uzzin\u0101siet par vi\u0146u dz\u012bvesveidu, baud\u012bsiet vakari\u0146as, z\u0101\u013cu t\u0113ju &#8211; habaku &#8211; un \u016bdensp\u012bpi (vai t\u0101s burbu\u013cu ska\u0146u) sve\u010du gaism\u0101, telt\u012b uz \u0113rtiem spilveniem.<\/p>\n<p>Daudz mier\u012bg\u0101ka atmosf\u0113ra j\u016bs gaida t\u0101 sauktaj\u0101 Kamie\u013cu ielej\u0101 jeb Wadi Gimal nacion\u0101laj\u0101 park\u0101, 6000 m2 plat\u012bb\u0101, ko veido pla\u0161i tuksne\u0161a mas\u012bvi, mangrovju un ak\u0101ciju koki. Ar\u012b \u0161eit dz\u012bvo bedu\u012bni, un j\u016bs varat vi\u0146us satikt un, piem\u0113ram, nobaud\u012bt vi\u0146u kamie\u013cu sieru.<\/p>\n<p>\u0160arm el \u0160eihas \u0161arms ir tas, ka taj\u0101 vienm\u0113r ir lieliski laikapst\u0101k\u013ci un daudz iesp\u0113ju labi pavad\u012bt laiku. T\u0101 ir vienk\u0101r\u0161a, nepiespiesta un jautra vieta. Galu gal\u0101, ko v\u0113l var\u0113tu v\u0113l\u0113ties br\u012bvdien\u0101m?<\/p>\n","protected":false},"excerpt":{"rendered":"<p>Ce\u013cojuma apraksts 1. diena: Iera\u0161an\u0101s Hurgad\u0101 J\u016bs ierad\u012bsieties Hurgadas starptautiskaj\u0101 lidost\u0101, kur J\u016bs tiksit sagaid\u012bti m\u016bsu ce\u013cojuma biroja p\u0101rst\u0101vja, kur\u0161 nodro\u0161in\u0101s J\u016bsu transf\u0113ru uz viesn\u012bcu. Jums b\u016bs laiks atp\u016bsties no ce\u013ca un izbaud\u012bt pirmos iespaidus no Sarkan\u0101s j\u016bras krasta. 2.-7. diena: Br\u012bvdienas Hurgad\u0101 \u0160aj\u0101s dien\u0101s J\u016bs baud\u012bsiet atp\u016btu Hurgadas viesn\u012bc\u0101, kur\u0101 var\u0113siet relaks\u0113ties pie Sarkan\u0101s [&hellip;]<\/p>\n","protected":false},"featured_media":4663,"comment_status":"open","ping_status":"closed","template":"","meta":[],"store":[],"product_cat":[15],"product_tag":[],"class_list":{"0":"post-4662","1":"product","2":"type-product","3":"status-publish","4":"has-post-thumbnail","6":"product_cat-pedeja-briza-piedavajumi","8":"first","9":"instock","10":"taxable","11":"shipping-taxable","12":"purchasable","13":"product-type-simple"},"jetpack_sharing_enabled":true,"_links":{"self":[{"href":"https:\/\/celojumugids.lv\/index.php?rest_route=\/wp\/v2\/product\/4662","targetHints":{"allow":["GET"]}}],"collection":[{"href":"https:\/\/celojumugids.lv\/index.php?rest_route=\/wp\/v2\/product"}],"about":[{"href":"https:\/\/celojumugids.lv\/index.php?rest_route=\/wp\/v2\/types\/product"}],"replies":[{"embeddable":true,"href":"https:\/\/celojumugids.lv\/index.php?rest_route=%2Fwp%2Fv2%2Fcomments&post=4662"}],"wp:featuredmedia":[{"embeddable":true,"href":"https:\/\/celojumugids.lv\/index.php?rest_route=\/wp\/v2\/media\/4663"}],"wp:attachment":[{"href":"https:\/\/celojumugids.lv\/index.php?rest_route=%2Fwp%2Fv2%2Fmedia&parent=4662"}],"wp:term":[{"taxonomy":"store","embeddable":true,"href":"https:\/\/celojumugids.lv\/index.php?rest_route=%2Fwp%2Fv2%2Fstore&post=4662"},{"taxonomy":"product_cat","embeddable":true,"href":"https:\/\/celojumugids.lv\/index.php?rest_route=%2Fwp%2Fv2%2Fproduct_cat&post=4662"},{"taxonomy":"product_tag","embeddable":true,"href":"https:\/\/celojumugids.lv\/index.php?rest_route=%2Fwp%2Fv2%2Fproduct_tag&post=4662"}],"curies":[{"name":"wp","href":"https:\/\/api.w.org\/{rel}","templated":true}]}}