{"id":4660,"date":"2023-04-27T21:58:08","date_gmt":"2023-04-27T18:58:08","guid":{"rendered":"https:\/\/celojumugids.lv\/piedavajumi\/hurgada\/"},"modified":"2023-04-27T21:58:10","modified_gmt":"2023-04-27T18:58:10","slug":"hurgada","status":"publish","type":"product","link":"https:\/\/celojumugids.lv\/?product=hurgada","title":{"rendered":"Hurgada"},"content":{"rendered":"<h1>Ce\u013cojuma apraksts<\/h1>\n<p><strong>1.diena:<\/strong> Iera\u0161an\u0101s Hurgad\u0101<\/p>\n<p>Tuvojoties Hurgadai, tev b\u016bs iesp\u0113ja baud\u012bt skatu uz Sarkan\u0101s j\u016bras kr\u0101\u0161\u0146o tuksne\u0161a ainavu no lidma\u0161\u012bnas loga.<\/p>\n<p>Iera\u0161an\u0101s Hurgad\u0101, transf\u0113rs uz viesn\u012bcu un naktsm\u012btnes ier\u012bko\u0161ana. P\u0101rpaliks laiks atp\u016btai p\u0113c ce\u013ca, izbaudot pludmales vai viesn\u012bcas \u0113rt\u012bbas.<\/p>\n<p><strong>2. diena:<\/strong> Hurgadas pils\u0113tas apmekl\u0113jums un \u0161norkel\u0113\u0161ana<\/p>\n<p>P\u0113c brokast\u012bm dodies uz Hurgadas pils\u0113tu, kur var\u0113si izbaud\u012bt viet\u0113jo kult\u016bru un apskat\u012bt interesant\u0101kos apskates objektus, piem\u0113ram, Hurgadas centru, viet\u0113jo tirgu un seno ostu. P\u0113c tam dodies uz \u016bdens aktivit\u0101\u0161u centru, lai izbaud\u012btu \u016bdens pas\u0101kumus, piem\u0113ram, \u0161norkel\u0113\u0161anu. Hurgada ir paz\u012bstama ar sav\u0101m kr\u0101\u0161\u0146aj\u0101m kora\u013c\u013cu rif\u0113m, t\u0101p\u0113c \u0161norkel\u0113\u0161ana pied\u0101v\u0101s iesp\u0113ju apbr\u012bnot daudzveid\u012bgo zem\u016bdens pasauli.<\/p>\n<p><strong>3.diena:<\/strong> Izbrauciens uz Luxor<\/p>\n<p>Tre\u0161aj\u0101 dien\u0101 dodies ce\u013cojum\u0101 uz Luxoru, kas ir slavena ar sav\u0101m ant\u012bkaj\u0101m pieminekl\u012bm un v\u0113sturiskajiem objektiem. Tu apmekl\u0113si Karnaku templi, kas ir viens no liel\u0101kajiem templiem pasaul\u0113, k\u0101 ar\u012b Templi uz dienvidu krasta, kas ir izcil\u0101kais egiptie\u0161u templis.<\/p>\n<p>Vakar\u0101 atgriez\u012bsies uz Hurgadu.<\/p>\n<p><strong>4.diena:<\/strong> Laiks atp\u016btai pludmal\u0113 P\u0113c akt\u012bv\u0101s dienas iepriek\u0161\u0113j\u0101 dien\u0101, \u0161odien var\u0113si atp\u016bsties pludmal\u0113 un baud\u012bt sauli, smil\u0161u pludmales un Sarkan\u0101s j\u016bras skaidro \u016bdeni.<\/p>\n<p>Viesn\u012bcas pied\u0101v\u0101s da\u017e\u0101das iesp\u0113jas atp\u016btai, tostarp baseinu, spa proced\u016bras vai da\u017e\u0101das \u016bdens aktivit\u0101tes.<\/p>\n<p><strong>5. diena:<\/strong> Laiks piedz\u012bvojumiem tuksne\u0161a d\u017eipu braucien\u0101<\/p>\n<p>\u0160aj\u0101 dien\u0101 piedz\u012bvojumi turpin\u0101s ar tuksne\u0161a d\u017eipubraucienu. Tu dosies uz tuksne\u0161a piedz\u012bvojumu, kur\u0101 piedal\u012bsies d\u017eipu braucien\u0101 pa Sarkan\u0101s j\u016bras tuksne\u0161a ainav\u0101m. Tiksies ar viet\u0113jiem bedu\u012bniem, iepaz\u012bsi to kult\u016bru un trad\u012bcijas, baud\u012bsi bedu\u012bnu t\u0113ju un piedal\u012bsies adrenal\u012bnu paaugstino\u0161\u0101s aktivit\u0101t\u0113s, piem\u0113ram, smil\u0161u slidin\u0101\u0161an\u0101 un kamie\u013cu brauk\u0161an\u0101. Tas b\u016bs neaizmirstams piedz\u012bvojums tuksne\u0161a vid\u0113.<\/p>\n<p><strong>6. diena:<\/strong> Snorkel\u0113\u0161ana vai n\u016bjo\u0161ana Rifsafar\u012b<\/p>\n<p>\u0160odien b\u016bsi br\u012bvs izv\u0113l\u0113ties starp div\u0101m aizraujo\u0161\u0101m aktivit\u0101t\u0113m &#8211; \u0161norkel\u0113\u0161anu vai n\u016bjo\u0161anu Rifsafar\u012b. Var\u0113si doties uz jaun\u0101m \u0161norkel\u0113\u0161anas viet\u0101m, lai v\u0113lreiz iepaz\u012btos ar Rafa kr\u0101\u0161\u0146o zem\u016bdens pasauli vai piedal\u012bties n\u016bjo\u0161anas aktivit\u0101t\u0113s, braucot ar motorlaivu pa Rafa teritoriju. B\u016bs iesp\u0113ja baud\u012bt skaist\u0101s kora\u013c\u013cu d\u0101rzas un da\u017e\u0101dus zem\u016bdens dz\u012bvniekus, kas padar\u012bs \u0161o dienu aizraujo\u0161u un piedz\u012bvojumu bag\u0101tu.<\/p>\n<p><strong>7. diena:<\/strong> Atgrie\u0161an\u0101s m\u0101j\u0101s<\/p>\n<p>Dienu pirms atgrie\u0161an\u0101s m\u0101j\u0101s vari izmantot atp\u016btai pludmal\u0113 vai viesn\u012bcas pied\u0101v\u0101taj\u0101s aktivit\u0101t\u0113s.<\/p>\n<p>P\u0113c tam dosies uz lidostu, lai s\u0101ktu atgrie\u0161an\u0101s ce\u013cu m\u0101j\u0101s, ar bag\u0101\u017e\u0101 pilnu ar aizraujo\u0161\u0101m atmi\u0146\u0101m no Hurgadas piedz\u012bvojumiem.<\/p>\n<p>&nbsp;<\/p>\n<p><strong>\u0160is ir tikai viens no iesp\u0113jamiem aprakstiem 7 dienu ce\u013cojumam uz Hurgadu, un konkr\u0113tais ce\u013cojuma pl\u0101ns var at\u0161\u0137irties atkar\u012bb\u0101 no izv\u0113l\u0113t\u0101s viesn\u012bcas un person\u012bgaj\u0101m interes\u0113m.<\/strong><\/p>\n<h1>Saulain\u0101 Hurgada<\/h1>\n<p>Liel\u0101kais no visiem \u0112\u0123iptes k\u016brortiem. Spo\u017ea saule un silta j\u016bra, br\u012bni\u0161\u0137\u012bgi kora\u013c\u013cu rifi, austrumu dejas un sv\u0113tki \u2013 tie gaida J\u016bs Hurgad\u0101 cauru gadu. Pateicoties zemajam gaisa mitrumam un past\u0101v\u012bgaj\u0101m br\u012bz\u0113m no j\u016bras, pat \u013coti augstas temperat\u016bras apst\u0101k\u013cos karstums ir viegli panesams un pusdienas tveice nenomoka. Hurgadas mikroklimats ir labv\u0113l\u012bgs visiem vecumiem.<\/p>\n<h2>Fakti par Hurgadu<\/h2>\n<div class=\"wDYxhc\" lang=\"lv-LV\" data-md=\"50\" data-hveid=\"CF0QAA\" data-ved=\"2ahUKEwiYiK_i2NH8AhWwi_0HHSTKB3gQkCl6BAhdEAA\">\n<div class=\"PZPZlf hb8SAc\" data-attrid=\"description\" data-hveid=\"CF0QAQ\" data-ved=\"2ahUKEwiYiK_i2NH8AhWwi_0HHSTKB3gQziAoAHoECF0QAQ\">\n<div>\n<div class=\"kno-rdesc\">Hurgada vai Gurdaka ir k\u016brortpils\u0113ta \u0112\u0123ipt\u0113, Sarkan\u0101s j\u016bras muh\u0101fazas administrat\u012bvais centrs. Izvietojusies valsts austrumos, stiepjas ap 40 km garum\u0101 gar Sarkan\u0101s j\u016bras krastu. Dibin\u0101ta 1905. gad\u0101 k\u0101 zvejnieku ciems. 1913. gad\u0101 apk\u0101rtn\u0113 atkl\u0101tas naftas iegulas, kuru izstr\u0101de s\u0101kta 1921. gad\u0101.\u00a0<a class=\"ruhjFe NJLBac fl\" href=\"https:\/\/lv.wikipedia.org\/wiki\/Hurgada\" data-ved=\"2ahUKEwiYiK_i2NH8AhWwi_0HHSTKB3gQmhN6BAhdEAI\">Vikip\u0113dija<\/a><\/div>\n<\/div>\n<\/div>\n<\/div>\n<div class=\"wDYxhc\" lang=\"lv-LV\" data-attrid=\"kc:\/location\/location:elevation\" data-md=\"1001\" data-hveid=\"CGIQAA\" data-ved=\"2ahUKEwiYiK_i2NH8AhWwi_0HHSTKB3gQkCl6BAhiEAA\">\n<div class=\"Z1hOCe\">\n<div class=\"zloOqf PZPZlf\" data-ved=\"2ahUKEwiYiK_i2NH8AhWwi_0HHSTKB3gQyxMoAHoECGIQAQ\">\n<div class=\"rVusze\"><span class=\"w8qArf\"><a class=\"fl\" href=\"https:\/\/www.google.lv\/search?q=hurgada+augstums+virs+j%C5%ABras+l%C4%ABme%C5%86a&amp;stick=H4sIAAAAAAAAAOPgE-LUz9U3MKpIqsrSks9OttLPyU9OLMnMz4MzrFJzUsvArEWsqhmlRemJKYkKiaXpxSWlucUKZZlFxQpZR1cXJRYr5BxZnZt6tC0RAAKVZ-NWAAAA&amp;sa=X&amp;ved=2ahUKEwiYiK_i2NH8AhWwi_0HHSTKB3gQ6BMoAHoECGIQAg\" data-ved=\"2ahUKEwiYiK_i2NH8AhWwi_0HHSTKB3gQ6BMoAHoECGIQAg\">Augstums virs j\u016bras l\u012bme\u0146a<\/a><span class=\"eTVOZd\">:<\/span>\u00a0<\/span><span class=\"LrzXr kno-fv wHYlTd z8gr9e\">14\u00a0m<\/span><\/div>\n<\/div>\n<\/div>\n<\/div>\n<div class=\"wDYxhc\" lang=\"lv-LV\" data-attrid=\"kc:\/location\/citytown:current weather\" data-md=\"1003\" data-hveid=\"CF4QAA\" data-ved=\"2ahUKEwiYiK_i2NH8AhWwi_0HHSTKB3gQkCl6BAheEAA\">\n<div class=\"Z1hOCe\"><span class=\"w8qArf\"><a class=\"fl\" href=\"https:\/\/www.google.lv\/search?q=hurgada+dibin%C4%81ta&amp;sa=X&amp;ved=2ahUKEwiYiK_i2NH8AhWwi_0HHSTKB3gQ6BMoAHoECGAQAg\" data-ved=\"2ahUKEwiYiK_i2NH8AhWwi_0HHSTKB3gQ6BMoAHoECGAQAg\">Dibin\u0101ta<\/a><span class=\"eTVOZd\">:<\/span>\u00a0<\/span><span class=\"LrzXr kno-fv wHYlTd z8gr9e\">1905. gad\u0101<\/span><\/div>\n<\/div>\n<div class=\"wDYxhc\" lang=\"lv-LV\" data-attrid=\"ss:\/webfacts:valsts\" data-md=\"1001\" data-hveid=\"CGEQAA\" data-ved=\"2ahUKEwiYiK_i2NH8AhWwi_0HHSTKB3gQkCl6BAhhEAA\">\n<div class=\"Z1hOCe\">\n<div class=\"zloOqf PZPZlf\" data-ved=\"2ahUKEwiYiK_i2NH8AhWwi_0HHSTKB3gQyxMoAHoECGEQAQ\">\n<div class=\"rVusze\"><span class=\"w8qArf\"><a class=\"fl\" href=\"https:\/\/www.google.lv\/search?q=hurgada+valsts&amp;sa=X&amp;ved=2ahUKEwiYiK_i2NH8AhWwi_0HHSTKB3gQ6BMoAHoECGEQAg\" data-ved=\"2ahUKEwiYiK_i2NH8AhWwi_0HHSTKB3gQ6BMoAHoECGEQAg\">Valsts<\/a><span class=\"eTVOZd\">:<\/span>\u00a0<\/span><span class=\"LrzXr kno-fv wHYlTd z8gr9e\"><a class=\"fl\" href=\"https:\/\/www.google.lv\/search?q=%C4%92%C4%A3ipte&amp;stick=H4sIAAAAAAAAAONgVuLQz9U3MMo2NVnEynFk0pHFmQUlqQBOaLjMFwAAAA&amp;sa=X&amp;ved=2ahUKEwiYiK_i2NH8AhWwi_0HHSTKB3gQmxMoAXoECGEQAw\" data-ved=\"2ahUKEwiYiK_i2NH8AhWwi_0HHSTKB3gQmxMoAXoECGEQAw\">\u0112\u0123ipte<\/a><\/span><\/div>\n<\/div>\n<\/div>\n<\/div>\n<div class=\"wDYxhc\" lang=\"lv-LV\" data-attrid=\"kc:\/location\/place:neighborhoods\" data-md=\"1001\" data-hveid=\"CF8QAA\" data-ved=\"2ahUKEwiYiK_i2NH8AhWwi_0HHSTKB3gQkCl6BAhfEAA\">\n<div class=\"Z1hOCe\">\n<div class=\"zloOqf PZPZlf\" data-ved=\"2ahUKEwiYiK_i2NH8AhWwi_0HHSTKB3gQyxMoAHoECF8QAQ\">\n<div class=\"rVusze\"><span class=\"w8qArf\"><a class=\"fl\" href=\"https:\/\/www.google.lv\/search?q=hurgada+apkaimes&amp;stick=H4sIAAAAAAAAAOPgE-LUz9U3MKpIqsrSUshOttLPyU9OLMnMz9MvyElMTrXKS81Mz0jKL8rIz08pXsQqkFFalJ6YkqiQWJCdmJmbWgwAFmLwGUIAAAA&amp;sa=X&amp;ved=2ahUKEwiYiK_i2NH8AhWwi_0HHSTKB3gQ6BMoAHoECF8QAg\" data-ved=\"2ahUKEwiYiK_i2NH8AhWwi_0HHSTKB3gQ6BMoAHoECF8QAg\">Apkaimes<\/a><span class=\"eTVOZd\">:<\/span>\u00a0<\/span><span class=\"LrzXr kno-fv wHYlTd z8gr9e\"><a class=\"fl\" href=\"https:\/\/www.google.lv\/search?q=hurgada+makadi+bay&amp;stick=H4sIAAAAAAAAAOPgE-LUz9U3MKpIqspS4tVP1zc0zDAwLzYzrTTUUshOttLPyU9OLMnMz9MvyElMTrXKS81Mz0jKL8rIz08pXsQqlFFalJ6YkqiQm5idmJKpkJRYuYOVcRc7EwcjABMOtwpbAAAA&amp;sa=X&amp;ved=2ahUKEwiYiK_i2NH8AhWwi_0HHSTKB3gQmxMoAXoECF8QAw\" data-ved=\"2ahUKEwiYiK_i2NH8AhWwi_0HHSTKB3gQmxMoAXoECF8QAw\">Makadi Bay<\/a>,\u00a0<a class=\"fl\" href=\"https:\/\/www.google.lv\/search?q=Sahl_Hasheesh&amp;stick=H4sIAAAAAAAAAOPgE-LUz9U3MKpIqspS4gIxTbKyzQsztBSyk630c_KTE0sy8_P0C3ISk1Ot8lIz0zOS8osy8vNTihex8gYnZuTEeyQWZ6SmFmfsYGXcxc7EwQgAxdu_8FMAAAA&amp;sa=X&amp;ved=2ahUKEwiYiK_i2NH8AhWwi_0HHSTKB3gQmxMoAnoECF8QBA\" data-ved=\"2ahUKEwiYiK_i2NH8AhWwi_0HHSTKB3gQmxMoAnoECF8QBA\">Sahl Hasheesh<\/a>,\u00a0<a class=\"fl\" href=\"https:\/\/www.google.lv\/search?q=hurgada+intercontinental+district&amp;stick=H4sIAAAAAAAAAOPgE-LUz9U3MKpIqspS4tVP1zc0TEq2KDdNMzTSUshOttLPyU9OLMnMz9MvyElMTrXKS81Mz0jKL8rIz08pXsSqmFFalJ6YkqiQmVeSWpScn1eSmZeaV5KYo5CSWVxSlJlcsoOVcRc7EwcjAPPJNF1qAAAA&amp;sa=X&amp;ved=2ahUKEwiYiK_i2NH8AhWwi_0HHSTKB3gQmxMoA3oECF8QBQ\" data-ved=\"2ahUKEwiYiK_i2NH8AhWwi_0HHSTKB3gQmxMoA3oECF8QBQ\">Intercontinental District<\/a>,\u00a0<a class=\"fl\" href=\"https:\/\/www.google.lv\/search?q=hurgada+jamaran&amp;stick=H4sIAAAAAAAAAOPgE-LUz9U3MKpIqspS4tVP1zc0TDKLTza3LCjSUshOttLPyU9OLMnMz9MvyElMTrXKS81Mz0jKL8rIz08pXsTKn1FalJ6YkqiQlZibWJSYt4OVcRc7EwcjAI94YUBYAAAA&amp;sa=X&amp;ved=2ahUKEwiYiK_i2NH8AhWwi_0HHSTKB3gQmxMoBHoECF8QBg\" data-ved=\"2ahUKEwiYiK_i2NH8AhWwi_0HHSTKB3gQmxMoBHoECF8QBg\">Jamaran<\/a><\/span><\/div>\n<\/div>\n<\/div>\n<\/div>\n","protected":false},"excerpt":{"rendered":"<h3>Cena par pieaugu\u0161o 7 nakt\u012bm<\/h3>\n","protected":false},"featured_media":4661,"comment_status":"open","ping_status":"closed","template":"","meta":[],"store":[],"product_cat":[15],"product_tag":[114,115,69,116,70,89],"class_list":{"0":"post-4660","1":"product","2":"type-product","3":"status-publish","4":"has-post-thumbnail","6":"product_cat-pedeja-briza-piedavajumi","7":"product_tag-celojumu-piedavajumi","8":"product_tag-egipte","9":"product_tag-hurgada","10":"product_tag-izdevigi-celojumi","11":"product_tag-last-minute","12":"product_tag-pedeja-briza-piedavajumi","14":"first","15":"instock","16":"taxable","17":"shipping-taxable","18":"purchasable","19":"product-type-simple"},"jetpack_sharing_enabled":true,"_links":{"self":[{"href":"https:\/\/celojumugids.lv\/index.php?rest_route=\/wp\/v2\/product\/4660","targetHints":{"allow":["GET"]}}],"collection":[{"href":"https:\/\/celojumugids.lv\/index.php?rest_route=\/wp\/v2\/product"}],"about":[{"href":"https:\/\/celojumugids.lv\/index.php?rest_route=\/wp\/v2\/types\/product"}],"replies":[{"embeddable":true,"href":"https:\/\/celojumugids.lv\/index.php?rest_route=%2Fwp%2Fv2%2Fcomments&post=4660"}],"wp:featuredmedia":[{"embeddable":true,"href":"https:\/\/celojumugids.lv\/index.php?rest_route=\/wp\/v2\/media\/4661"}],"wp:attachment":[{"href":"https:\/\/celojumugids.lv\/index.php?rest_route=%2Fwp%2Fv2%2Fmedia&parent=4660"}],"wp:term":[{"taxonomy":"store","embeddable":true,"href":"https:\/\/celojumugids.lv\/index.php?rest_route=%2Fwp%2Fv2%2Fstore&post=4660"},{"taxonomy":"product_cat","embeddable":true,"href":"https:\/\/celojumugids.lv\/index.php?rest_route=%2Fwp%2Fv2%2Fproduct_cat&post=4660"},{"taxonomy":"product_tag","embeddable":true,"href":"https:\/\/celojumugids.lv\/index.php?rest_route=%2Fwp%2Fv2%2Fproduct_tag&post=4660"}],"curies":[{"name":"wp","href":"https:\/\/api.w.org\/{rel}","templated":true}]}}